{"id":332,"date":"2023-01-18T17:21:42","date_gmt":"2023-01-18T16:21:42","guid":{"rendered":"https:\/\/murcinversion.es\/?post_type=product&#038;p=332"},"modified":"2026-03-24T20:09:28","modified_gmt":"2026-03-24T19:09:28","slug":"consultoria-basica","status":"publish","type":"product","link":"https:\/\/murcinversion.es\/en\/product\/consultoria-basica\/","title":{"rendered":"Basic Consulting"},"content":{"rendered":"<p>En Murcinversi\u00f3n  somos especialistas en la instalaci\u00f3n y mantenimiento de parques solares fotovoltaicos.<\/p>\n<p>Si quieres informarte de cuales son las posibilidad es que ofrece este tipo de instalaciones a la hora de afrontar una inversi\u00f3n, puedes contratar nuestra asesor\u00eda b\u00e1sica en la que te informaremos de las rentabilidades , costes de implantaci\u00f3n, financiaci\u00f3n, soluciones tecnol\u00f3gicas, etc.<\/p>\n<p>Un equipo de profesionales que te guiar\u00e1n en el proceso inicial de toma de decisi\u00f3n<\/p>","protected":false},"excerpt":{"rendered":"<p>Servicio de consultor\u00eda sobre la implantaci\u00f3n de huertos solares fotovoltaicos: rentabilidades , costes de implantaci\u00f3n, financiaci\u00f3n, soluciones tecnol\u00f3gicas, etc.<\/p>","protected":false},"featured_media":362,"comment_status":"open","ping_status":"closed","template":"","meta":[],"product_cat":[26],"product_tag":[],"class_list":{"0":"post-332","1":"product","2":"type-product","3":"status-publish","4":"has-post-thumbnail","6":"product_cat-servicios","8":"first","9":"instock","10":"virtual","11":"purchasable","12":"product-type-simple"},"_links":{"self":[{"href":"https:\/\/murcinversion.es\/en\/wp-json\/wp\/v2\/product\/332","targetHints":{"allow":["GET"]}}],"collection":[{"href":"https:\/\/murcinversion.es\/en\/wp-json\/wp\/v2\/product"}],"about":[{"href":"https:\/\/murcinversion.es\/en\/wp-json\/wp\/v2\/types\/product"}],"replies":[{"embeddable":true,"href":"https:\/\/murcinversion.es\/en\/wp-json\/wp\/v2\/comments?post=332"}],"wp:featuredmedia":[{"embeddable":true,"href":"https:\/\/murcinversion.es\/en\/wp-json\/wp\/v2\/media\/362"}],"wp:attachment":[{"href":"https:\/\/murcinversion.es\/en\/wp-json\/wp\/v2\/media?parent=332"}],"wp:term":[{"taxonomy":"product_cat","embeddable":true,"href":"https:\/\/murcinversion.es\/en\/wp-json\/wp\/v2\/product_cat?post=332"},{"taxonomy":"product_tag","embeddable":true,"href":"https:\/\/murcinversion.es\/en\/wp-json\/wp\/v2\/product_tag?post=332"}],"curies":[{"name":"wp","href":"https:\/\/api.w.org\/{rel}","templated":true}]}}