{"id":144,"date":"2023-01-18T09:56:17","date_gmt":"2023-01-18T08:56:17","guid":{"rendered":"https:\/\/murcinversion.es\/producto\/hoodie-with-logo\/"},"modified":"2026-04-08T09:32:00","modified_gmt":"2026-04-08T07:32:00","slug":"mantenimiento-tecnico-instalaciones-fotovoltaicas","status":"publish","type":"product","link":"https:\/\/murcinversion.es\/en\/product\/mantenimiento-tecnico-instalaciones-fotovoltaicas\/","title":{"rendered":"Mantenimiento t\u00e9cnico Instalaciones Fotovolt\u00e1icas"},"content":{"rendered":"<p><span style=\"font-weight: 400;\">El <\/span><span style=\"font-weight: 400;\">Mantenimiento Preventivo<\/span><span style=\"font-weight: 400;\"> consiste en dos revisiones anuales, que incluyen entre otras cosas:<\/span><\/p>\n<ul>\n<li style=\"font-weight: 400;\" aria-level=\"1\"><span style=\"font-weight: 400;\">Revisi\u00f3n de cimentaciones, canalizaciones y arquetas<\/span><\/li>\n<li style=\"font-weight: 400;\" aria-level=\"1\"><span style=\"font-weight: 400;\">Revisi\u00f3n y reapriete de las estructuras soporte y elementos de anclaje<\/span><\/li>\n<li style=\"font-weight: 400;\" aria-level=\"1\"><span style=\"font-weight: 400;\">inspecci\u00f3n de los m\u00f3dulos fotovoltaicos para comprobar su estado, si tiene puntos calientes, tedlar quemados o p\u00e9rdida de tensi\u00f3n<\/span><\/li>\n<li style=\"font-weight: 400;\" aria-level=\"1\"><span style=\"font-weight: 400;\">Comprobaci\u00f3n del sistema del sistema de seguimiento y toma de datos<\/span><\/li>\n<li style=\"font-weight: 400;\" aria-level=\"1\"><span style=\"font-weight: 400;\">Comprobaci\u00f3n de todas las instalaciones el\u00e9ctricas en baja y media tensi\u00f3n<\/span><\/li>\n<li style=\"font-weight: 400;\" aria-level=\"1\"><span style=\"font-weight: 400;\">Comprobaci\u00f3n mec\u00e1nica de tendido de cables, bornas y\u00a0 conexiones<\/span><\/li>\n<li style=\"font-weight: 400;\" aria-level=\"1\"><span style=\"font-weight: 400;\">Inspecci\u00f3n visual y medida de la red de tierras\u00a0<\/span><\/li>\n<li style=\"font-weight: 400;\" aria-level=\"1\"><span style=\"font-weight: 400;\">Comprobaci\u00f3n de medidas de la toma de datos<\/span><\/li>\n<li style=\"font-weight: 400;\" aria-level=\"1\"><span style=\"font-weight: 400;\">medici\u00f3n el\u00e9ctrica del campo de m\u00f3dulos fotovoltaicos e inversor, comprobando que las tensiones e intensidades sean correctas, tanto en la parte de c.c. como las de c.a<\/span><\/li>\n<li style=\"font-weight: 400;\" aria-level=\"1\"><span style=\"font-weight: 400;\">Medici\u00f3n de la radiaci\u00f3n solar instant\u00e1nea y comprobaci\u00f3n de la concordancia de esta media con los par\u00e1metros el\u00e9ctricos de la instalaci\u00f3n<\/span><\/li>\n<li style=\"font-weight: 400;\" aria-level=\"1\"><span style=\"font-weight: 400;\">Comprobaci\u00f3n de funcionamiento del inversor, se\u00f1alizaciones, temperatura, salidas de aire, etc.<\/span><\/li>\n<li style=\"font-weight: 400;\" aria-level=\"1\"><span style=\"font-weight: 400;\">Inspecci\u00f3n de armario de contadores<\/span><\/li>\n<li style=\"font-weight: 400;\" aria-level=\"1\"><span style=\"font-weight: 400;\">informe t\u00e9cnico de la visita- revisi\u00f3n<\/span><\/li>\n<li style=\"font-weight: 400;\" aria-level=\"1\"><span style=\"font-weight: 400;\">Registro en el libro de mantenimiento, con identificaci\u00f3n del personal de mantenimiento y operaciones realizadas, as\u00ed como incidencias si las hubiese.<\/span><\/li>\n<\/ul>\n<p><span style=\"font-weight: 400;\">En las visitas que realizamos los t\u00e9cnicos enviados por MURCINVERSI\u00d3N se subsanan, en caso necesario, los defectos observados en relaci\u00f3n con los puntos anteriores, y se procede a los correspondientes reaprietes y ajustes de los elementos mec\u00e1nicos, para asegurar el perfecto anclaje de los componentes.<\/span><\/p>\n<p><span style=\"font-weight: 400;\">Se comprueban, asimismo, todos los par\u00e1metros el\u00e9ctricos, verificando que se encuentren\u00a0 en los l\u00edmites \u00f3ptimos de funcionamiento y se procede a su ajuste en caso necesario.<\/span><\/p>\n<p><span style=\"font-weight: 400;\">Durante el <\/span><span style=\"font-weight: 400;\">Mantenimiento Correctivo<\/span><span style=\"font-weight: 400;\"> las aver\u00edas se reparan, siempre que sea posible, el mismo d\u00eda que se produzcan, o en un tiempo m\u00e1ximo de 48 horas, bien reparando la pieza da\u00f1ada o sustituy\u00e9ndola por otra igual o de caracter\u00edsticas similares, disponiendo para ellos de un stock en el taller de los materiales y equipos m\u00e1s cr\u00edticos.<\/span><\/p>\n<p><b>Otras tareas:<\/b><\/p>\n<ul>\n<li style=\"font-weight: 400;\" aria-level=\"1\"><span style=\"font-weight: 400;\">Control de la producci\u00f3n y detecci\u00f3n de aver\u00edas diarias, con presencia cont\u00ednua de personal en horas de Sol efectivas, o a trav\u00e9s de un programa inform\u00e1tico con control remoto de las instalaciones<\/span><\/li>\n<li style=\"font-weight: 400;\" aria-level=\"1\"><span style=\"font-weight: 400;\">Limpieza de las placas solares ( 2 veces al a\u00f1o, siempre que sea necesario)<\/span><\/li>\n<li style=\"font-weight: 400;\" aria-level=\"1\"><span style=\"font-weight: 400;\">Desbroce y limpieza del terreno (siempre que sea necesario para el correcto mantenimiento)<\/span><\/li>\n<\/ul>","protected":false},"excerpt":{"rendered":"<p>En Murcinversi\u00f3n nos encargamos del mantenimiento preventivo y correctivo de todos los equipos que forman las instalaciones fotovolt\u00e1icas, as\u00ed como las instalaciones el\u00e9ctricas en baja y media tensi\u00f3n.<\/p>","protected":false},"featured_media":146,"comment_status":"open","ping_status":"closed","template":"","meta":[],"product_cat":[26],"product_tag":[],"class_list":{"0":"post-144","1":"product","2":"type-product","3":"status-publish","4":"has-post-thumbnail","6":"product_cat-servicios","8":"first","9":"instock","10":"virtual","11":"purchasable","12":"product-type-simple"},"_links":{"self":[{"href":"https:\/\/murcinversion.es\/en\/wp-json\/wp\/v2\/product\/144","targetHints":{"allow":["GET"]}}],"collection":[{"href":"https:\/\/murcinversion.es\/en\/wp-json\/wp\/v2\/product"}],"about":[{"href":"https:\/\/murcinversion.es\/en\/wp-json\/wp\/v2\/types\/product"}],"replies":[{"embeddable":true,"href":"https:\/\/murcinversion.es\/en\/wp-json\/wp\/v2\/comments?post=144"}],"wp:featuredmedia":[{"embeddable":true,"href":"https:\/\/murcinversion.es\/en\/wp-json\/wp\/v2\/media\/146"}],"wp:attachment":[{"href":"https:\/\/murcinversion.es\/en\/wp-json\/wp\/v2\/media?parent=144"}],"wp:term":[{"taxonomy":"product_cat","embeddable":true,"href":"https:\/\/murcinversion.es\/en\/wp-json\/wp\/v2\/product_cat?post=144"},{"taxonomy":"product_tag","embeddable":true,"href":"https:\/\/murcinversion.es\/en\/wp-json\/wp\/v2\/product_tag?post=144"}],"curies":[{"name":"wp","href":"https:\/\/api.w.org\/{rel}","templated":true}]}}