{"id":37,"date":"2022-06-30T10:02:56","date_gmt":"2022-06-30T10:02:56","guid":{"rendered":"https:\/\/murcinversion.es\/?page_id=37"},"modified":"2023-09-15T14:02:02","modified_gmt":"2023-09-15T12:02:02","slug":"aviso-legal","status":"publish","type":"page","link":"https:\/\/murcinversion.es\/en\/aviso-legal\/","title":{"rendered":"Aviso Legal"},"content":{"rendered":"<div data-elementor-type=\"wp-page\" data-elementor-id=\"37\" class=\"elementor elementor-37\" data-elementor-post-type=\"page\">\n\t\t\t\t\t\t<section class=\"elementor-section elementor-top-section elementor-element elementor-element-dbd5a98 elementor-section-boxed elementor-section-height-default elementor-section-height-default\" data-id=\"dbd5a98\" data-element_type=\"section\">\n\t\t\t\t\t\t<div class=\"elementor-container elementor-column-gap-default\">\n\t\t\t\t\t<div class=\"elementor-column elementor-col-100 elementor-top-column elementor-element elementor-element-0f482ae\" data-id=\"0f482ae\" data-element_type=\"column\">\n\t\t\t<div class=\"elementor-widget-wrap elementor-element-populated\">\n\t\t\t\t\t\t<div class=\"elementor-element elementor-element-2c4237f elementor-widget elementor-widget-heading\" data-id=\"2c4237f\" data-element_type=\"widget\" data-widget_type=\"heading.default\">\n\t\t\t\t<div class=\"elementor-widget-container\">\n\t\t\t<h1 class=\"elementor-heading-title elementor-size-default\">Legal warning<\/h1>\t\t<\/div>\n\t\t\t\t<\/div>\n\t\t\t\t<div class=\"elementor-element elementor-element-c7facdc elementor-widget-divider--view-line elementor-widget elementor-widget-divider\" data-id=\"c7facdc\" data-element_type=\"widget\" data-widget_type=\"divider.default\">\n\t\t\t\t<div class=\"elementor-widget-container\">\n\t\t\t\t\t<div class=\"elementor-divider\">\n\t\t\t<span class=\"elementor-divider-separator\">\n\t\t\t\t\t\t<\/span>\n\t\t<\/div>\n\t\t\t\t<\/div>\n\t\t\t\t<\/div>\n\t\t\t\t<div class=\"elementor-element elementor-element-a293bc9 elementor-widget-mobile__width-inherit elementor-widget-tablet__width-initial elementor-widget elementor-widget-text-editor\" data-id=\"a293bc9\" data-element_type=\"widget\" data-widget_type=\"text-editor.default\">\n\t\t\t\t<div class=\"elementor-widget-container\">\n\t\t\t\t\t\t\t<p>En cumplimiento del art\u00edculo 10 de la Ley 34\/2002, de 11 de julio, de Servicios de la Sociedad de la Informaci\u00f3n y Comercio Electr\u00f3nico (LSSICE) a continuaci\u00f3n se detallan los datos identificativos de la empresa:<\/p><p>Datos de empresa:<\/p><p>Raz\u00f3n social: FLEXO EXPANSI\u00d3N, S.L.\u00a0<strong>\u00a0<\/strong><\/p><p>CIF: B73549859<\/p><p>Direcci\u00f3n: C\/ CAMINO DE MADRID, 58, BLOQUEII, 1\u00baB, 30530, CIEZA, MURCIA.<\/p><p>Tel\u00e9fono: (+34) 968 45 43 79<\/p><p>Email: <a href=\"mailto:info@murcinversionmediterranea.com\">info@murcinversionmediterranea.com<\/a><\/p><p>Nombre del dominio: <a href=\"http:\/\/www.murcinversionmediterranea.com\" target=\"_blank\" rel=\"noopener\">http:\/\/www.murcinversionmediterranea.com<\/a><\/p><p>Autorizaci\u00f3n administrativa: Autorizaci\u00f3n de la Comisi\u00f3n Nacional del Mercado y de la Competencia para la prestaci\u00f3n de servicios de comunicaciones electr\u00f3nicas.<\/p><h3>REGISTRO MERCANTIL DE MURCIA<\/h3><p>La empresa FLEXO EXPANSI\u00d3N, S.L. ha sido registrada con 1\u00aa Inscripci\u00f3n de fecha \/\u00a0\u00a0 \/\u00a0\u00a0\u00a0\u00a0\u00a0\u00a0\u00a0 , con Tomo , Folio \u00a0\u00a0, Secci\u00f3n \u00a0\u00a0y Hoja MU-\u00a0 \u00a0 \u00a0 \u00a0.<\/p><h3>FINALIDAD DE LA P\u00c1GINA WEB.<\/h3><p>Venta de servicios y\/o productos relacionados con <strong>FLEXO EXPANSI\u00d3N<\/strong>. El presente aviso legal (en adelante, el \u00abAviso Legal\u00bb) regula el uso del sitio web: <a href=\"http:\/\/www.murcinversionmediterranea.com\" target=\"_blank\" rel=\"noopener\">www.murcinversionmediterranea.com<\/a><\/p><h3>LEGISLACI\u00d3N<\/h3><p>Con car\u00e1cter general las relaciones entre <strong>FLEXO EXPANSI\u00d3N<\/strong>\u00a0con los Usuarios de sus servicios telem\u00e1ticos, presentes en este sitio web, se encuentran sometidas a la legislaci\u00f3n y jurisdicci\u00f3n espa\u00f1olas.<\/p><h3>USO Y ACCESO DE USUARIOS<\/h3><p>El Usuario queda informado, y acepta, que el acceso a la presente web no supone, en modo alguno, el inicio de una relaci\u00f3n comercial con <strong>FLEXO EXPANSI\u00d3N<\/strong>\u00a0o cualquiera de sus delegaciones.<\/p><h3>PROPIEDAD INTELECTUAL E INDUSTRIAL<\/h3><p>Los derechos de propiedad intelectual del contenido de las p\u00e1ginas web, su dise\u00f1o gr\u00e1fico y c\u00f3digos son titularidad de <strong>FLEXO EXPANSI\u00d3N<\/strong> y, por tanto, queda prohibida su reproducci\u00f3n, distribuci\u00f3n, comunicaci\u00f3n p\u00fablica, transformaci\u00f3n o cualquier otra actividad que se pueda realizar con los contenidos de sus p\u00e1ginas web ni aun citando las fuentes, salvo consentimiento por escrito de <strong>FLEXO EXPANSI\u00d3N<\/strong><strong>.<\/strong><\/p><h3>CONTENIDO DE LA WEB Y ENLACES (LINKS)<\/h3><p><strong>FLEXO EXPANSI\u00d3N <\/strong>se reserva el derecho a actualizar, modificar o eliminar la informaci\u00f3n contenida en sus p\u00e1ginas web pudiendo incluso limitar o no permitir el acceso a dicha informaci\u00f3n a ciertos usuarios.<\/p><p><strong>FLEXO EXPANSI\u00d3N <\/strong>no asume responsabilidad alguna por la informaci\u00f3n contenida en p\u00e1ginas web de terceros a las que se pueda acceder por \u00ablinks\u00bb o enlaces desde cualquier p\u00e1gina web propiedad de <strong>FLEXO EXPANSI\u00d3N<\/strong><strong>.<\/strong> <strong>\u00a0<\/strong>\u00a0<strong>\u00a0<\/strong><\/p><p>La presencia de \u00ablinks\u00bb o enlaces en las p\u00e1ginas web de <strong>FLEXO EXPANSI\u00d3N<\/strong>\u00a0tiene finalidad meramente informativa y en ning\u00fan caso supone sugerencia, invitaci\u00f3n o recomendaci\u00f3n sobre los mismos.<\/p>\t\t\t\t\t\t<\/div>\n\t\t\t\t<\/div>\n\t\t\t\t\t<\/div>\n\t\t<\/div>\n\t\t\t\t\t<\/div>\n\t\t<\/section>\n\t\t\t\t<\/div>","protected":false},"excerpt":{"rendered":"<p>Aviso legal En cumplimiento del art\u00edculo 10 de la Ley 34\/2002, de 11 de julio, de Servicios de la Sociedad de la [&hellip;]<\/p>","protected":false},"author":2,"featured_media":0,"parent":0,"menu_order":0,"comment_status":"closed","ping_status":"closed","template":"elementor_header_footer","meta":{"footnotes":""},"class_list":["post-37","page","type-page","status-publish","hentry"],"_links":{"self":[{"href":"https:\/\/murcinversion.es\/en\/wp-json\/wp\/v2\/pages\/37","targetHints":{"allow":["GET"]}}],"collection":[{"href":"https:\/\/murcinversion.es\/en\/wp-json\/wp\/v2\/pages"}],"about":[{"href":"https:\/\/murcinversion.es\/en\/wp-json\/wp\/v2\/types\/page"}],"author":[{"embeddable":true,"href":"https:\/\/murcinversion.es\/en\/wp-json\/wp\/v2\/users\/2"}],"replies":[{"embeddable":true,"href":"https:\/\/murcinversion.es\/en\/wp-json\/wp\/v2\/comments?post=37"}],"version-history":[{"count":26,"href":"https:\/\/murcinversion.es\/en\/wp-json\/wp\/v2\/pages\/37\/revisions"}],"predecessor-version":[{"id":529,"href":"https:\/\/murcinversion.es\/en\/wp-json\/wp\/v2\/pages\/37\/revisions\/529"}],"wp:attachment":[{"href":"https:\/\/murcinversion.es\/en\/wp-json\/wp\/v2\/media?parent=37"}],"curies":[{"name":"wp","href":"https:\/\/api.w.org\/{rel}","templated":true}]}}