{"id":27,"date":"2022-06-30T10:00:13","date_gmt":"2022-06-30T10:00:13","guid":{"rendered":"https:\/\/murcinversion.es\/?page_id=27"},"modified":"2023-09-15T14:02:07","modified_gmt":"2023-09-15T12:02:07","slug":"politica-de-privacidad","status":"publish","type":"page","link":"https:\/\/murcinversion.es\/en\/politica-de-privacidad\/","title":{"rendered":"Privacy Policy"},"content":{"rendered":"<div data-elementor-type=\"wp-page\" data-elementor-id=\"27\" class=\"elementor elementor-27\" data-elementor-post-type=\"page\">\n\t\t\t\t\t\t<section class=\"elementor-section elementor-top-section elementor-element elementor-element-bdb451f elementor-section-boxed elementor-section-height-default elementor-section-height-default\" data-id=\"bdb451f\" data-element_type=\"section\" data-settings=\"{&quot;background_background&quot;:&quot;classic&quot;}\">\n\t\t\t\t\t\t<div class=\"elementor-container elementor-column-gap-default\">\n\t\t\t\t\t<div class=\"elementor-column elementor-col-100 elementor-top-column elementor-element elementor-element-1430892c\" data-id=\"1430892c\" data-element_type=\"column\">\n\t\t\t<div class=\"elementor-widget-wrap elementor-element-populated\">\n\t\t\t\t\t\t<div class=\"elementor-element elementor-element-5a014a27 elementor-widget elementor-widget-spacer\" data-id=\"5a014a27\" data-element_type=\"widget\" data-widget_type=\"spacer.default\">\n\t\t\t\t<div class=\"elementor-widget-container\">\n\t\t\t\t\t<div class=\"elementor-spacer\">\n\t\t\t<div class=\"elementor-spacer-inner\"><\/div>\n\t\t<\/div>\n\t\t\t\t<\/div>\n\t\t\t\t<\/div>\n\t\t\t\t\t<\/div>\n\t\t<\/div>\n\t\t\t\t\t<\/div>\n\t\t<\/section>\n\t\t\t\t<section class=\"elementor-section elementor-top-section elementor-element elementor-element-041475f elementor-section-boxed elementor-section-height-default elementor-section-height-default\" data-id=\"041475f\" data-element_type=\"section\">\n\t\t\t\t\t\t<div class=\"elementor-container elementor-column-gap-default\">\n\t\t\t\t\t<div class=\"elementor-column elementor-col-100 elementor-top-column elementor-element elementor-element-01df649\" data-id=\"01df649\" data-element_type=\"column\">\n\t\t\t<div class=\"elementor-widget-wrap elementor-element-populated\">\n\t\t\t\t\t\t<div class=\"elementor-element elementor-element-424a6c8 elementor-widget elementor-widget-heading\" data-id=\"424a6c8\" data-element_type=\"widget\" data-widget_type=\"heading.default\">\n\t\t\t\t<div class=\"elementor-widget-container\">\n\t\t\t<h1 class=\"elementor-heading-title elementor-size-default\">Privacy Policy<\/h1>\t\t<\/div>\n\t\t\t\t<\/div>\n\t\t\t\t<div class=\"elementor-element elementor-element-b9da7ff elementor-widget-divider--view-line elementor-widget elementor-widget-divider\" data-id=\"b9da7ff\" data-element_type=\"widget\" data-widget_type=\"divider.default\">\n\t\t\t\t<div class=\"elementor-widget-container\">\n\t\t\t\t\t<div class=\"elementor-divider\">\n\t\t\t<span class=\"elementor-divider-separator\">\n\t\t\t\t\t\t<\/span>\n\t\t<\/div>\n\t\t\t\t<\/div>\n\t\t\t\t<\/div>\n\t\t\t\t<div class=\"elementor-element elementor-element-6e862f2 elementor-widget-mobile__width-inherit elementor-widget-tablet__width-initial elementor-widget elementor-widget-text-editor\" data-id=\"6e862f2\" data-element_type=\"widget\" data-widget_type=\"text-editor.default\">\n\t\t\t\t<div class=\"elementor-widget-container\">\n\t\t\t\t\t\t\t<p>Mediante la presente pol\u00edtica de protecci\u00f3n de datos, <strong>FLEXO EXPANSI\u00d3N<\/strong><strong>,<\/strong> informa a los usuarios de su web de la forma en que se van a gestionar los datos de sus usuarios, con el fin de que decidan, libre y voluntariamente, si desean facilitar la informaci\u00f3n solicitada.<\/p><p>En esta p\u00e1gina web se respetan y protegen los datos personales de los usuarios. Como tal debe saber que sus derechos est\u00e1n garantizados.<\/p><p>Desde <strong>FLEXO EXPANSI\u00d3N<\/strong>\u00a0le garantizamos el cumplimiento de los siguientes principios con el objetivo de garantizar su privacidad:<\/p><ul><li>Nunca solicitamos informaci\u00f3n personal a menos que realmente sea necesaria para prestar los servicios que el cliente nos requiera.<\/li><li>Nunca compartimos informaci\u00f3n personal de nuestros usuarios con nadie, excepto para cumplir con la ley o en caso que contemos con la autorizaci\u00f3n expresa del usuario.<\/li><li>Nunca utilizaremos sus datos personales con una finalidad diferente a la expresada en esta pol\u00edtica de privacidad.<\/li><\/ul><p>Es preciso advertir que esta Pol\u00edtica de Privacidad puede modificarse con el fin de adaptarse a nuevas exigencias normativas, por lo que se aconseja a los usuarios que la visiten peri\u00f3dicamente.<\/p><p><strong>FLEXO EXPANSI\u00d3N<\/strong> ha adecuado esta web a las exigencias del Reglamento (UE) 2016\/679 del Parlamento Europeo y del Consejo de 27 de abril de 2016 y Ley 3\/2018, de protecci\u00f3n de datos de car\u00e1cter personal y garant\u00edas y derechos digitales (LOPDGDD), as\u00ed como de la Ley 34\/2002, de 11 de julio, de Servicios de la Sociedad de la Informaci\u00f3n y Comercio Electr\u00f3nico (LSSICE o LSSI).<\/p><ul><li>Raz\u00f3n social: <strong>FLEXO EXPANSI\u00d3N, S.L<\/strong>.<\/li><li>CIF: B73549859.<\/li><li>Direcci\u00f3n: C\/ CAMINO DE MADRID, 58, BLOQUEII, 1\u00baB, 30530, CIEZA, MURCIA.<\/li><li>Tel\u00e9fono: (+34) 968 45 43 79<\/li><li>Email: <a href=\"mailto:info@murcinversionmediterranea.com\">info@murcinversionmediterranea.com<\/a><\/li><\/ul><h3>Responsable del tratamiento de tus datos personales<\/h3><p>Para el tratamiento de datos de nuestros usuarios, implementamos todas las medidas t\u00e9cnicas y organizativas de seguridad establecidas en la legislaci\u00f3n vigente.<\/p><h3>Principios que aplicaremos a tu informaci\u00f3n personal<\/h3><p>En el tratamiento de sus datos personales, aplicaremos los siguientes principios que se ajustan a las exigencias del nuevo RGPD:<\/p><ul><li>Licitud, lealtad y transparencia: Siempre vamos a requerir su consentimiento para el tratamiento de sus datos personales para uno o varios fines espec\u00edficos de los cuales le informaremos previamente con absoluta transparencia.<\/li><li>Minimizaci\u00f3n de datos: Solo vamos a solicitar datos estrictamente necesarios en relaci\u00f3n con los fines para los que los requerimos.<\/li><li>Limitaci\u00f3n del plazo de conservaci\u00f3n: los datos ser\u00e1n mantenidos durante no m\u00e1s tiempo del necesario para los fines del tratamiento.<\/li><li>Integridad y confidencialidad: Sus datos ser\u00e1n tratados de tal manera que se garantice una seguridad adecuada de los datos personales y se garantice confidencialidad. <strong>FLEXO EXPANSI\u00d3N<\/strong>\u00a0tomar\u00e1 las precauciones necesarias para evitar el acceso no autorizado o uso indebido de los datos de nuestros usuarios por parte de terceros.<\/li><\/ul><h3>\u00bfC\u00f3mo hemos obtenido sus datos?<\/h3><p>Los datos personales que tratamos en proceden de:<\/p><ul><li>Formulario de contacto<\/li><li>Correo electr\u00f3nico<\/li><li>Alta como usuario<\/li><\/ul><h3>\u00bfCu\u00e1les son sus derechos cuando nos facilita sus datos?<\/h3><p>Las personas interesadas tienen derecho a:<\/p><ul><li>Acceso: Acceder a sus datos personales que disponga<strong> FLEXO EXPANSI\u00d3N.<\/strong><\/li><li>Rectificaci\u00f3n: Modificar o rectificar sus datos inexactos que disponga<strong> FLEXO EXPANSI\u00d3N.<\/strong><\/li><li>Cancelaci\u00f3n: Cancelar sus datos personales, cuando ya no sean necesarios, de la base de datos de <strong>FLEXO EXPANSI\u00d3N<\/strong><strong>.<\/strong><\/li><li>Oposici\u00f3n: Oponerse a la utilizaci\u00f3n de sus datos para una finalidad que no es la elegida, de los servicios prestados por <strong>FLEXO EXPANSI\u00d3N<\/strong><strong>.<\/strong><\/li><li>Portabilidad: Solicitar el cambio de expediente en un fichero automatizado para otra compa\u00f1\u00eda, desde la base de datos de <strong>FLEXO EXPANSI\u00d3N<\/strong><strong>.<\/strong><\/li><li>Limitaci\u00f3n: Limitar la utilizaci\u00f3n y plazo del uso de sus datos por parte de <strong>FLEXO EXPANSI\u00d3N<\/strong>, en cuyo caso solo se conservar\u00e1n seg\u00fan la legislaci\u00f3n fiscal y para el ejercicio de reclamaciones.<\/li><li>Retirada (Derecho al Olvido): Solicitar la eliminaci\u00f3n de su historial, si procede, en Internet (V\u00e9ase RGPD).<\/li><\/ul><p>Por \u00faltimo, te informamos de tu derecho a <strong>presentar una <\/strong>reclamaci\u00f3n ante <strong>la autoridad de control <\/strong>en materia de protecci\u00f3n de datos pertinente, en particular, ante la <a href=\"http:\/\/www.agpd.es\/portalwebAGPD\/index-ides-idphp.php\" target=\"_blank\" rel=\"noopener\">Agencia Espa\u00f1ola de Protecci\u00f3n de Datos<\/a> (<a href=\"https:\/\/www.agpd.es\/portalwebAGPD\/index-ides-idphp.php\" target=\"_blank\" rel=\"noopener\">https:\/\/www.agpd.es\/portalwebAGPD\/index-ides-idphp.php<\/a>)<\/p><p>Los interesados podr\u00e1n acceder a sus datos personales, as\u00ed como solicitar la rectificaci\u00f3n de los datos inexactos o, en su caso, solicitar su supresi\u00f3n cuando, entre otros motivos, los datos ya no sean necesarios para los fines que fueron recogidos. En determinadas circunstancias, los interesados podr\u00e1n solicitar la limitaci\u00f3n del tratamiento de sus datos, en cuyo caso \u00fanicamente se conservar\u00e1n para el ejercicio o la defensa de reclamaciones.<br \/>En determinadas circunstancias y por motivos relacionados con su situaci\u00f3n particular, los interesados podr\u00e1n oponerse al tratamiento de sus datos. <strong>FLEXO EXPANSI\u00d3N<\/strong>\u00a0dejar\u00e1 de tratar los datos, salvo por motivos leg\u00edtimos, o el ejercicio o la defensa de posibles reclamaciones. C\u00f3mo interesado, tiene derecho a que se efect\u00faa la portabilidad de los datos, es decir, a recibir los datos personales que nos haya facilitado y a transmitirlos a otro responsable del tratamiento cuando:<\/p><ul><li>El tratamiento est\u00e9 basado en el consentimiento<\/li><li>Los datos hayan sido facilitados por la persona interesada.<\/li><li>El tratamiento se efect\u00fae por medios automatizados.<\/li><\/ul><p>Al ejercer su derecho a la portabilidad de los datos, tendr\u00e1 derecho a que los datos personales se transmitan directamente de responsable a responsable cuando sea t\u00e9cnicamente posible.<\/p><p>Los interesados tambi\u00e9n tendr\u00e1n derecho a la tutela judicial efectiva y podr\u00e1n presentar una reclamaci\u00f3n ante la autoridad de control, en este caso, la Agencia Espa\u00f1ola de Protecci\u00f3n de Datos, si consideran que el tratamiento de datos personales que le conciernen infringe el Reglamento.<\/p><h3>\u00bfCon qu\u00e9 finalidad tratamos sus datos personales?<\/h3><p>Cuando un usuario se conecta con esta web por ejemplo para comentar un post, mandar un correo al titular, suscribirse o realizar alguna contrataci\u00f3n, est\u00e1 facilitando informaci\u00f3n de car\u00e1cter personal de la que es responsable <strong>FLEXO EXPANSI\u00d3N<\/strong><strong>.<\/strong> Esa informaci\u00f3n puede incluir datos de car\u00e1cter personal como pueden ser su direcci\u00f3n IP, nombre, direcci\u00f3n f\u00edsica, direcci\u00f3n de correo electr\u00f3nico, n\u00famero de tel\u00e9fono, y otra informaci\u00f3n. Al facilitar esta informaci\u00f3n, el usuario da su consentimiento para que su informaci\u00f3n sea recopilada, utilizada, gestionada y almacenada por <strong>FLEXO EXPANSI\u00d3N<\/strong>, tal y como se describe en el Aviso Legal y en la presente Pol\u00edtica de Privacidad.<br \/>Existen diferentes sistemas de captura de informaci\u00f3n personal y trato la informaci\u00f3n que nos facilitan las personas interesadas por las siguientes v\u00edas:<\/p><ul><li>Formulario de contacto: Se solicitan los siguientes datos personales: Nombre, Email, y dem\u00e1s informaci\u00f3n que nos puedan aportar en el cuerpo del Mensaje, para responder a los requerimientos de los usuarios de la web. Por ejemplo, podemos utilizar esos datos para responder a su solicitud y dar respuesta a las dudas, quejas o comentarios sobre la informaci\u00f3n incluida en la web, los servicios que se prestan a trav\u00e9s de la web o el tratamiento de sus datos personales.<\/li><li>Formulario de alta usuario: Al rellenar los campos del apartado \u201cCree una cuenta\u201d se solicitan los siguientes datos personales: Nombre y apellidos, Email y contrase\u00f1a.<\/li><\/ul><p>Tambi\u00e9n se recogen otros datos no identificativos que se obtienen mediante algunas cookies que se descargan en el ordenador del usuario cuando navega en esta web que se detallan en la pol\u00edtica de cookies.<br \/><strong>FLEXO EXPANSI\u00d3N<\/strong> no ceder\u00e1 datos de car\u00e1cter personal que puedan identificar al usuario a terceros sin el consentimiento previo.<\/p><h3>Legitimaci\u00f3n para el tratamiento de tus datos<\/h3><p><strong>FLEXO EXPANSI\u00d3N<\/strong> est\u00e1 legitimado al tratamiento de sus datos personales, en base al consentimiento de el interesado, tal y como se dispone en el art\u00edculo 6.1.a del citado RGPD.<\/p><h3>Plazo de conservaci\u00f3n de tus datos<\/h3><p>Los datos personales proporcionados se conservar\u00e1n mientras se mantenga una relaci\u00f3n comercial y, en su caso, durante los a\u00f1os necesarios para cumplir con las obligaciones legales o hasta que el interesado solicite la supresi\u00f3n de sus datos.<\/p><h3>Medidas de seguridad<\/h3><p><strong>FLEXO EXPANSI\u00d3N<\/strong> se compromete en el uso y tratamiento de los datos personales de los usuarios, respetando su confidencialidad, a utilizarlos de acuerdo con la finalidad del mismo, as\u00ed como a dar cumplimiento a su obligaci\u00f3n de guardarlos y adaptar todas las medidas para evitar la alteraci\u00f3n, p\u00e9rdida, tratamiento o acceso no autorizado, de conformidad con lo establecido en la normativa vigente de protecci\u00f3n de datos.<\/p><p>Cuando se presente alg\u00fan incidente de seguridad, al darse cuenta <strong>FLEXO EXPANSI\u00d3N<\/strong>, deber\u00e1 notificarlo al usuario sin demoras indebidas y deber\u00e1 proporcionarle la informaci\u00f3n oportuna relacionada con el incidente de seguridad cuando se conozca.<\/p><h3>Exactitud de los datos<\/h3><p>El usuario es el \u00fanico responsable de la veracidad de los datos que remita a <strong>FLEXO EXPANSI\u00d3N<\/strong>\u00a0exoner\u00e1ndole de cualquier responsabilidad al respecto.<\/p><p>Los usuarios garantizan y responden, en cualquier caso, de la exactitud, vigencia y autenticidad de los datos personales facilitados, y se comprometen a mantenerlos debidamente actualizados. El usuario acepta proporcionar informaci\u00f3n completa y correcta en el formulario de contacto o suscripci\u00f3n.<\/p><h3>Aceptaci\u00f3n y consentimiento<\/h3><p>El usuario declara haber sido informado de las condiciones sobre protecci\u00f3n de datos de car\u00e1cter personal, aceptando y consintiendo el tratamiento de los mismos por parte de <strong>FLEXO EXPANSI\u00d3N<\/strong>\u00a0en la forma y para las finalidades indicadas en esta pol\u00edtica de privacidad.<\/p><h3>Revocabilidad<\/h3><p>El consentimiento prestado, tanto para el tratamiento como para la cesi\u00f3n de los datos de los interesados, es revocable en cualquier momento comunic\u00e1ndolo a <strong>FLEXO EXPANSI\u00d3N<\/strong>\u00a0en los t\u00e9rminos establecidos en esta Pol\u00edtica de Privacidad para el ejercicio de sus derechos.<\/p><h3>Cambios en la pol\u00edtica de privacidad<\/h3><p><strong>FLEXO EXPANSI\u00d3N<\/strong> se reserva el derecho a modificar la presente pol\u00edtica para adaptarla a novedades legislativas, as\u00ed como a pr\u00e1cticas de la industria. En dichos supuestos, en esta misma p\u00e1gina, se anunciar\u00e1n los cambios introducidos con razonable antelaci\u00f3n a su puesta en pr\u00e1ctica.<\/p>\t\t\t\t\t\t<\/div>\n\t\t\t\t<\/div>\n\t\t\t\t\t<\/div>\n\t\t<\/div>\n\t\t\t\t\t<\/div>\n\t\t<\/section>\n\t\t\t\t<\/div>","protected":false},"excerpt":{"rendered":"<p>Pol\u00edtica de privacidad Mediante la presente pol\u00edtica de protecci\u00f3n de datos, FLEXO EXPANSI\u00d3N, informa a los usuarios de su web de la [&hellip;]<\/p>","protected":false},"author":2,"featured_media":0,"parent":0,"menu_order":0,"comment_status":"closed","ping_status":"closed","template":"elementor_header_footer","meta":{"footnotes":""},"class_list":["post-27","page","type-page","status-publish","hentry"],"_links":{"self":[{"href":"https:\/\/murcinversion.es\/en\/wp-json\/wp\/v2\/pages\/27","targetHints":{"allow":["GET"]}}],"collection":[{"href":"https:\/\/murcinversion.es\/en\/wp-json\/wp\/v2\/pages"}],"about":[{"href":"https:\/\/murcinversion.es\/en\/wp-json\/wp\/v2\/types\/page"}],"author":[{"embeddable":true,"href":"https:\/\/murcinversion.es\/en\/wp-json\/wp\/v2\/users\/2"}],"replies":[{"embeddable":true,"href":"https:\/\/murcinversion.es\/en\/wp-json\/wp\/v2\/comments?post=27"}],"version-history":[{"count":17,"href":"https:\/\/murcinversion.es\/en\/wp-json\/wp\/v2\/pages\/27\/revisions"}],"predecessor-version":[{"id":532,"href":"https:\/\/murcinversion.es\/en\/wp-json\/wp\/v2\/pages\/27\/revisions\/532"}],"wp:attachment":[{"href":"https:\/\/murcinversion.es\/en\/wp-json\/wp\/v2\/media?parent=27"}],"curies":[{"name":"wp","href":"https:\/\/api.w.org\/{rel}","templated":true}]}}