{"id":229,"date":"2023-01-18T13:15:23","date_gmt":"2023-01-18T12:15:23","guid":{"rendered":"https:\/\/murcinversion.es\/?page_id=229"},"modified":"2023-09-15T14:02:08","modified_gmt":"2023-09-15T12:02:08","slug":"gestion-para-la-promocion-de-parques-solares-fotovoltaicos","status":"publish","type":"page","link":"https:\/\/murcinversion.es\/en\/servicios\/gestion-para-la-promocion-de-parques-solares-fotovoltaicos\/","title":{"rendered":"Management for the promotion of photovoltaic solar parks"},"content":{"rendered":"<div data-elementor-type=\"wp-page\" data-elementor-id=\"229\" class=\"elementor elementor-229\" data-elementor-post-type=\"page\">\n\t\t\t\t\t\t<section class=\"elementor-section elementor-top-section elementor-element elementor-element-78b1cd2 elementor-section-boxed elementor-section-height-default elementor-section-height-default\" data-id=\"78b1cd2\" data-element_type=\"section\">\n\t\t\t\t\t\t<div class=\"elementor-container elementor-column-gap-default\">\n\t\t\t\t\t<div class=\"elementor-column elementor-col-50 elementor-top-column elementor-element elementor-element-bd0b774\" data-id=\"bd0b774\" data-element_type=\"column\">\n\t\t\t<div class=\"elementor-widget-wrap elementor-element-populated\">\n\t\t\t\t\t\t<div class=\"elementor-element elementor-element-a1a2eec elementor-widget elementor-widget-heading\" data-id=\"a1a2eec\" data-element_type=\"widget\" data-widget_type=\"heading.default\">\n\t\t\t\t<div class=\"elementor-widget-container\">\n\t\t\t<h1 class=\"elementor-heading-title elementor-size-default\">Management for the promotion of photovoltaic solar parks<\/h1>\t\t<\/div>\n\t\t\t\t<\/div>\n\t\t\t\t<div class=\"elementor-element elementor-element-83ee333 elementor-widget-divider--view-line elementor-widget elementor-widget-divider\" data-id=\"83ee333\" data-element_type=\"widget\" data-widget_type=\"divider.default\">\n\t\t\t\t<div class=\"elementor-widget-container\">\n\t\t\t\t\t<div class=\"elementor-divider\">\n\t\t\t<span class=\"elementor-divider-separator\">\n\t\t\t\t\t\t<\/span>\n\t\t<\/div>\n\t\t\t\t<\/div>\n\t\t\t\t<\/div>\n\t\t\t\t<div class=\"elementor-element elementor-element-21a8a40 elementor-widget-mobile__width-inherit elementor-widget-tablet__width-initial elementor-widget elementor-widget-text-editor\" data-id=\"21a8a40\" data-element_type=\"widget\" data-widget_type=\"text-editor.default\">\n\t\t\t\t<div class=\"elementor-widget-container\">\n\t\t\t\t\t\t\t<p>La identificaci\u00f3n de los terrenos afectados y de las soluciones de evacuaci\u00f3n de energ\u00eda.\u00a0<\/p><p>La negociaci\u00f3n con los propietarios de terrenos sobre los que se ubiquen los Proyectos, as\u00ed como de todos aquellos derechos precisados para el paso de las correspondientes l\u00edneas hasta el punto de conexi\u00f3n y para el cumplimiento de otros requerimientos de la compa\u00f1\u00eda distribuidora el\u00e9ctrica.<\/p><p>Cualquier otra tramitaci\u00f3n administrativa y medioambiental de la Planta Solar y su infraestructura asociada para la obtenci\u00f3n de RtB (salvo las asumidas por la Sociedad).<\/p>\t\t\t\t\t\t<\/div>\n\t\t\t\t<\/div>\n\t\t\t\t\t<\/div>\n\t\t<\/div>\n\t\t\t\t<div class=\"elementor-column elementor-col-50 elementor-top-column elementor-element elementor-element-bf131a3\" data-id=\"bf131a3\" data-element_type=\"column\">\n\t\t\t<div class=\"elementor-widget-wrap elementor-element-populated\">\n\t\t\t\t\t\t<div class=\"elementor-element elementor-element-1ed8750 elementor-widget elementor-widget-image\" data-id=\"1ed8750\" data-element_type=\"widget\" data-widget_type=\"image.default\">\n\t\t\t\t<div class=\"elementor-widget-container\">\n\t\t\t\t\t\t\t\t\t\t\t\t\t<img fetchpriority=\"high\" decoding=\"async\" width=\"500\" height=\"500\" src=\"https:\/\/murcinversion.es\/wp-content\/uploads\/2023\/01\/Gestion-parques-solares-img.jpg\" class=\"attachment-large size-large wp-image-321\" alt=\"Gesti\u00f3n parques solares img\" srcset=\"https:\/\/murcinversion.es\/wp-content\/uploads\/2023\/01\/Gestion-parques-solares-img.jpg 500w, https:\/\/murcinversion.es\/wp-content\/uploads\/2023\/01\/Gestion-parques-solares-img-300x300.jpg 300w, https:\/\/murcinversion.es\/wp-content\/uploads\/2023\/01\/Gestion-parques-solares-img-100x100.jpg 100w, https:\/\/murcinversion.es\/wp-content\/uploads\/2023\/01\/Gestion-parques-solares-img-150x150.jpg 150w\" sizes=\"(max-width: 500px) 100vw, 500px\" \/>\t\t\t\t\t\t\t\t\t\t\t\t\t<\/div>\n\t\t\t\t<\/div>\n\t\t\t\t\t<\/div>\n\t\t<\/div>\n\t\t\t\t\t<\/div>\n\t\t<\/section>\n\t\t\t\t<\/div>","protected":false},"excerpt":{"rendered":"<p>Gesti\u00f3n para la promoci\u00f3n de parques solares fotovoltaicos La identificaci\u00f3n de los terrenos afectados y de las soluciones de evacuaci\u00f3n de energ\u00eda.\u00a0 [&hellip;]<\/p>","protected":false},"author":2,"featured_media":0,"parent":116,"menu_order":0,"comment_status":"closed","ping_status":"closed","template":"","meta":{"footnotes":""},"class_list":["post-229","page","type-page","status-publish","hentry"],"_links":{"self":[{"href":"https:\/\/murcinversion.es\/en\/wp-json\/wp\/v2\/pages\/229","targetHints":{"allow":["GET"]}}],"collection":[{"href":"https:\/\/murcinversion.es\/en\/wp-json\/wp\/v2\/pages"}],"about":[{"href":"https:\/\/murcinversion.es\/en\/wp-json\/wp\/v2\/types\/page"}],"author":[{"embeddable":true,"href":"https:\/\/murcinversion.es\/en\/wp-json\/wp\/v2\/users\/2"}],"replies":[{"embeddable":true,"href":"https:\/\/murcinversion.es\/en\/wp-json\/wp\/v2\/comments?post=229"}],"version-history":[{"count":7,"href":"https:\/\/murcinversion.es\/en\/wp-json\/wp\/v2\/pages\/229\/revisions"}],"predecessor-version":[{"id":324,"href":"https:\/\/murcinversion.es\/en\/wp-json\/wp\/v2\/pages\/229\/revisions\/324"}],"up":[{"embeddable":true,"href":"https:\/\/murcinversion.es\/en\/wp-json\/wp\/v2\/pages\/116"}],"wp:attachment":[{"href":"https:\/\/murcinversion.es\/en\/wp-json\/wp\/v2\/media?parent=229"}],"curies":[{"name":"wp","href":"https:\/\/api.w.org\/{rel}","templated":true}]}}