{"id":114,"date":"2023-01-17T18:16:23","date_gmt":"2023-01-17T17:16:23","guid":{"rendered":"https:\/\/murcinversion.es\/?page_id=114"},"modified":"2023-09-15T14:02:07","modified_gmt":"2023-09-15T12:02:07","slug":"quienes-somos","status":"publish","type":"page","link":"https:\/\/murcinversion.es\/en\/quienes-somos\/","title":{"rendered":"Qui\u00e9nes Somos"},"content":{"rendered":"<div data-elementor-type=\"wp-page\" data-elementor-id=\"114\" class=\"elementor elementor-114\" data-elementor-post-type=\"page\">\n\t\t\t\t\t\t<section class=\"elementor-section elementor-top-section elementor-element elementor-element-0617ae6 elementor-section-boxed elementor-section-height-default elementor-section-height-default\" data-id=\"0617ae6\" data-element_type=\"section\">\n\t\t\t\t\t\t<div class=\"elementor-container elementor-column-gap-wider\">\n\t\t\t\t\t<div class=\"elementor-column elementor-col-50 elementor-top-column elementor-element elementor-element-742c2dc\" data-id=\"742c2dc\" data-element_type=\"column\" data-settings=\"{&quot;background_background&quot;:&quot;classic&quot;}\">\n\t\t\t<div class=\"elementor-widget-wrap elementor-element-populated\">\n\t\t\t\t\t\t<div class=\"elementor-element elementor-element-e7fcdd2 elementor-widget elementor-widget-image\" data-id=\"e7fcdd2\" data-element_type=\"widget\" data-widget_type=\"image.default\">\n\t\t\t\t<div class=\"elementor-widget-container\">\n\t\t\t\t\t\t\t\t\t\t\t\t\t<img fetchpriority=\"high\" decoding=\"async\" width=\"620\" height=\"987\" src=\"https:\/\/murcinversion.es\/wp-content\/uploads\/2023\/01\/quienes-somos.jpg\" class=\"attachment-full size-full wp-image-182\" alt=\"Qui\u00e9nes Somos\" srcset=\"https:\/\/murcinversion.es\/wp-content\/uploads\/2023\/01\/quienes-somos.jpg 620w, https:\/\/murcinversion.es\/wp-content\/uploads\/2023\/01\/quienes-somos-600x955.jpg 600w, https:\/\/murcinversion.es\/wp-content\/uploads\/2023\/01\/quienes-somos-188x300.jpg 188w, https:\/\/murcinversion.es\/wp-content\/uploads\/2023\/01\/quienes-somos-408x650.jpg 408w\" sizes=\"(max-width: 620px) 100vw, 620px\" \/>\t\t\t\t\t\t\t\t\t\t\t\t\t<\/div>\n\t\t\t\t<\/div>\n\t\t\t\t\t<\/div>\n\t\t<\/div>\n\t\t\t\t<div class=\"elementor-column elementor-col-50 elementor-top-column elementor-element elementor-element-0e0a779\" data-id=\"0e0a779\" data-element_type=\"column\">\n\t\t\t<div class=\"elementor-widget-wrap elementor-element-populated\">\n\t\t\t\t\t\t<div class=\"elementor-element elementor-element-a5b486b elementor-widget-divider--view-line elementor-widget elementor-widget-divider\" data-id=\"a5b486b\" data-element_type=\"widget\" data-widget_type=\"divider.default\">\n\t\t\t\t<div class=\"elementor-widget-container\">\n\t\t\t\t\t<div class=\"elementor-divider\">\n\t\t\t<span class=\"elementor-divider-separator\">\n\t\t\t\t\t\t<\/span>\n\t\t<\/div>\n\t\t\t\t<\/div>\n\t\t\t\t<\/div>\n\t\t\t\t<div class=\"elementor-element elementor-element-eb933a6 elementor-widget-tablet__width-initial elementor-widget-mobile__width-inherit elementor-widget elementor-widget-heading\" data-id=\"eb933a6\" data-element_type=\"widget\" data-widget_type=\"heading.default\">\n\t\t\t\t<div class=\"elementor-widget-container\">\n\t\t\t<h1 class=\"elementor-heading-title elementor-size-default\">\u00bfQui\u00e9nes somos?<\/h1>\t\t<\/div>\n\t\t\t\t<\/div>\n\t\t\t\t<div class=\"elementor-element elementor-element-a64df9e elementor-widget__width-initial elementor-widget-mobile__width-inherit elementor-widget-tablet__width-initial elementor-widget elementor-widget-text-editor\" data-id=\"a64df9e\" data-element_type=\"widget\" data-widget_type=\"text-editor.default\">\n\t\t\t\t<div class=\"elementor-widget-container\">\n\t\t\t\t\t\t\t<p>Somos una empresa dedicada a la instalaci\u00f3n y mantenimiento, en todas sus facetas, de instalaciones solares fotovolt\u00e1icas.<\/p><p>Nos ocupamos de la instalaci\u00f3n desde cero de los huertos solares, y nos hacemos cargo de la vigilancia y seguridad de las instalaciones fotovolt\u00e1icas, as\u00ed como del\u00a0 mantenimiento preventivo y correctivo de los sistemas instalados en los huertos solares, con revisiones mensuales que garanticen su correcto funcionamiento, y con el seguimiento diario de su operatividad.<\/p><p>Disponemos de un equipo de profesionales para el el mantenimiento t\u00e9cnico de todos los equipos que forman las instalaciones fotovolt\u00e1icas, as\u00ed como las instalaciones el\u00e9ctricas en baja y media tensi\u00f3n. mediante un mantenimiento preventivo. Realizamos dos revisiones anuales, que incluyen entre otras cosas la revisi\u00f3n completa de las instalaciones, de los m\u00f3dulos fotovolt\u00e1icos, la inspecci\u00f3n y comprobaci\u00f3n de mediciones, funcionamiento de sensores, contadores, etc. y la emisi\u00f3n de los correspondientes informes t\u00e9cnicos de la visita- revisi\u00f3n.<\/p><p>Asimismo nos hemos especializado en la gesti\u00f3n para la promoci\u00f3n de los parques solares fotovolt\u00e1icos, que lleva aparejado la identificaci\u00f3n de los terrenos afectados y de las soluciones de evacuaci\u00f3n de energ\u00eda, negociaci\u00f3n con los propietarios de los terrenos donde se ubiquen los proyectos, derechos de paso de las l\u00edneas y la selecci\u00f3n y coordinaci\u00f3n de las consultoras t\u00e9cnicas y medioambientales que han de prestar los servicios legalmente requeridos.<\/p><p>Asimismo contamos con un equipo asesores que se ocupa de la\u00a0 gesti\u00f3n t\u00e9cnico- administrativa, contable y fiscal de las instalaciones fotovolt\u00e1icas, que incluye desde la planificaci\u00f3n de las juntas generales, la contrataci\u00f3n de seguros, siniestros, y la presentaci\u00f3n de modelos ante Hacienda.<\/p>\t\t\t\t\t\t<\/div>\n\t\t\t\t<\/div>\n\t\t\t\t\t<\/div>\n\t\t<\/div>\n\t\t\t\t\t<\/div>\n\t\t<\/section>\n\t\t\t\t<\/div>","protected":false},"excerpt":{"rendered":"<p>\u00bfQui\u00e9nes somos? Somos una empresa dedicada a la instalaci\u00f3n y mantenimiento, en todas sus facetas, de instalaciones solares fotovolt\u00e1icas. Nos ocupamos de [&hellip;]<\/p>","protected":false},"author":2,"featured_media":0,"parent":0,"menu_order":0,"comment_status":"closed","ping_status":"closed","template":"","meta":{"footnotes":""},"class_list":["post-114","page","type-page","status-publish","hentry"],"_links":{"self":[{"href":"https:\/\/murcinversion.es\/en\/wp-json\/wp\/v2\/pages\/114","targetHints":{"allow":["GET"]}}],"collection":[{"href":"https:\/\/murcinversion.es\/en\/wp-json\/wp\/v2\/pages"}],"about":[{"href":"https:\/\/murcinversion.es\/en\/wp-json\/wp\/v2\/types\/page"}],"author":[{"embeddable":true,"href":"https:\/\/murcinversion.es\/en\/wp-json\/wp\/v2\/users\/2"}],"replies":[{"embeddable":true,"href":"https:\/\/murcinversion.es\/en\/wp-json\/wp\/v2\/comments?post=114"}],"version-history":[{"count":4,"href":"https:\/\/murcinversion.es\/en\/wp-json\/wp\/v2\/pages\/114\/revisions"}],"predecessor-version":[{"id":185,"href":"https:\/\/murcinversion.es\/en\/wp-json\/wp\/v2\/pages\/114\/revisions\/185"}],"wp:attachment":[{"href":"https:\/\/murcinversion.es\/en\/wp-json\/wp\/v2\/media?parent=114"}],"curies":[{"name":"wp","href":"https:\/\/api.w.org\/{rel}","templated":true}]}}